{"id":17778,"date":"2025-12-18T14:51:46","date_gmt":"2025-12-18T14:51:46","guid":{"rendered":"https:\/\/sabanadelamartours.com\/?post_type=product&#038;p=17778"},"modified":"2026-02-14T02:13:02","modified_gmt":"2026-02-14T02:13:02","slug":"tour-della-citta-di-samana-osservazione-delle-balene-cayo-levantado","status":"publish","type":"product","link":"https:\/\/sabanadelamartours.com\/it\/tour\/tour-della-citta-di-samana-osservazione-delle-balene-cayo-levantado\/","title":{"rendered":"Samana: Tour della citt\u00e0 + osservazione delle balene + Cayo Levantado"},"content":{"rendered":"<p>Ci incontreremo al Malecon di Samana alle 8:30 (il punto esatto di incontro e altri dettagli sono forniti nel messaggio di conferma). Per prima cosa faremo un giro della citt\u00e0 e poi prenderemo la barca per osservare le balene nel loro habitat. Dopo l'osservazione, si parte per un pranzo tipico dominicano sull'isola di Cayo Levantado. Dopo pranzo avrete tempo libero per godervi la spiaggia, passeggiare per l'isola, giocare a pallavolo o semplicemente rilassarvi all'ombra. Intorno alle 16:30 si torner\u00e0 alla comunit\u00e0 di Samana, dove si concluder\u00e0 l'esperienza.<\/p>\n<p>Altre cose da notare<\/p>\n<p>Si tratta di un'esperienza per vedere da vicino le balene. Non \u00e8 possibile nuotare o toccarle.<\/p>\n<p>Nel caso in cui vogliate fare un viaggio privato e non unirvi a un gruppo, contattateci e vi invieremo prezzi e altri dettagli.<\/p>\n<div class=\"toggle-content__content toggle-content__content--expanded toggle-content__content--packable\" data-v-59485d64=\"\">\n<div data-test-id=\"activity-full-description-text\" data-v-5835c99c=\"\">Abbiamo anche la possibilit\u00e0 di osservare le balene da Punta Cana, Sabana de la Mar\/Miches e altri luoghi con un costo aggiuntivo.<\/div>\n<\/div>\n<div class=\"toggle-content__label-placeholder\" data-v-59485d64=\"\"><\/div>","protected":false},"excerpt":{"rendered":"<div data-track=\"overview\" data-v-83a2b402=\"\">\n<section id=\"activity-overview\" class=\"activity-overview\" data-component=\"overview\" data-v-83a2b402=\"\" data-v-f3236c42=\"\">\n<p class=\"activity-overview__content\" data-test-id=\"activity-overview-content\" data-v-f3236c42=\"\">Partendo da un tour della citt\u00e0 di Saman\u00e1, godetevi l'avvistamento ravvicinato delle balene durante una crociera panoramica con partenza da Saman\u00e1. Sosta sull'isola di Cayo Levantado per il pranzo e per un po' di tempo libero da dedicare all'esplorazione.<\/p>\n<\/section>\n<\/div>\n<div data-track=\"key-details\" data-v-83a2b402=\"\"><\/div>","protected":false},"featured_media":17982,"template":"","meta":[],"product_brand":[],"product_cat":[97],"product_tag":[101,102],"class_list":{"0":"post-17778","1":"product","2":"type-product","3":"status-publish","4":"has-post-thumbnail","6":"product_cat-dominican-republic","7":"product_tag-excursion","8":"product_tag-tour","10":"first","11":"instock","12":"shipping-taxable","13":"product-type-external"},"_links":{"self":[{"href":"https:\/\/sabanadelamartours.com\/it\/wp-json\/wp\/v2\/product\/17778","targetHints":{"allow":["GET"]}}],"collection":[{"href":"https:\/\/sabanadelamartours.com\/it\/wp-json\/wp\/v2\/product"}],"about":[{"href":"https:\/\/sabanadelamartours.com\/it\/wp-json\/wp\/v2\/types\/product"}],"version-history":[{"count":2,"href":"https:\/\/sabanadelamartours.com\/it\/wp-json\/wp\/v2\/product\/17778\/revisions"}],"predecessor-version":[{"id":19137,"href":"https:\/\/sabanadelamartours.com\/it\/wp-json\/wp\/v2\/product\/17778\/revisions\/19137"}],"wp:featuredmedia":[{"embeddable":true,"href":"https:\/\/sabanadelamartours.com\/it\/wp-json\/wp\/v2\/media\/17982"}],"wp:attachment":[{"href":"https:\/\/sabanadelamartours.com\/it\/wp-json\/wp\/v2\/media?parent=17778"}],"wp:term":[{"taxonomy":"product_brand","embeddable":true,"href":"https:\/\/sabanadelamartours.com\/it\/wp-json\/wp\/v2\/product_brand?post=17778"},{"taxonomy":"product_cat","embeddable":true,"href":"https:\/\/sabanadelamartours.com\/it\/wp-json\/wp\/v2\/product_cat?post=17778"},{"taxonomy":"product_tag","embeddable":true,"href":"https:\/\/sabanadelamartours.com\/it\/wp-json\/wp\/v2\/product_tag?post=17778"}],"curies":[{"name":"wp","href":"https:\/\/api.w.org\/{rel}","templated":true}]}}