{"id":18032,"date":"2025-12-18T15:03:36","date_gmt":"2025-12-18T15:03:36","guid":{"rendered":"https:\/\/sabanadelamartours.com\/?post_type=product&#038;p=18032"},"modified":"2025-12-18T15:12:28","modified_gmt":"2025-12-18T15:12:28","slug":"-394","status":"publish","type":"product","link":"https:\/\/sabanadelamartours.com\/it\/tour\/-394\/","title":{"rendered":"Osservazione delle balene a Saman\u00e1 - Solo $39 | Tour in Repubblica Dominicana"},"content":{"rendered":"<div class=\"wpb-content-wrapper\"><div class=\"vc_row wpb_row st bg-holder\"><div class='container'><div class='row'>\n\t<div class=\"wpb_column column_container col-md-12\"><div class=\"vc_column-inner wpb_wrapper\">\n\t\t\t\n\t<div class=\"wpb_text_column wpb_content_element\" >\n\t\t<div class=\"wpb_wrapper\">\n\t\t\t<h1><strong>Tour di osservazione delle balene e Cayo Levantado: Il miglior prezzo garantito!<\/strong><\/h1>\n<p>\ud83c\udf0a <strong>Partite per l'ultima avventura a Saman\u00e1 a un prezzo imbattibile!<\/strong> \ud83c\udf34<\/p>\n<p>Siete alla ricerca della pi\u00f9 emozionante e conveniente esperienza di whale watching a Saman\u00e1? Ci pensiamo noi! Il nostro <strong>Tour di osservazione delle balene e Cayo Levantado<\/strong> offre il <strong>Il miglior rapporto qualit\u00e0\/prezzo<\/strong>, che combina due esperienze indimenticabili in una giornata perfetta, il tutto presso la <strong>prezzo pi\u00f9 basso garantito<\/strong>.<\/p>\n<hr \/>\n<h3><strong>Itinerario del tour<\/strong><\/h3>\n<h4><strong>10:00 - Punto di incontro al porto di Carenero<\/strong><\/h4>\n<p>Iniziate la vostra giornata senza stress a <strong>Porto Carenero<\/strong>, Saman\u00e1, dove il nostro team amichevole vi accoglier\u00e0 a bordo di una barca confortevole e moderna.<\/p>\n<h4><strong>10:15 - Osservazione delle balene nella baia di Saman\u00e1<\/strong><\/h4>\n<p>Salpate alla volta della rinomata <strong>Santuario per l'osservazione delle balene<\/strong> e ammirare le maestose megattere. Assistete ai loro comportamenti spettacolari, come il nuotare, lo sbattere della coda e il cantare, mentre le nostre guide marine vi commentano con competenza.<\/p>\n<h4><strong>12:00 - Tempo libero a Cayo Levantado (Isola Bacardi)<\/strong><\/h4>\n<p>Dopo un'incredibile mattinata in compagnia delle balene, ci dirigeremo verso <strong>Cayo Levantado<\/strong>, un paradiso tropicale noto per le sue spiagge di sabbia bianca e le acque cristalline. Trascorrere <strong>tempo libero<\/strong> rilassarsi, nuotare o esplorare l'isola a proprio piacimento.<\/p>\n<h4><strong>14:30 - Ritorno al porto di Carenero<\/strong><\/h4>\n<p>Lasceremo l'isola e torneremo a Saman\u00e1, con arrivo a <strong>Porto Carenero tra le 14:30 e le 15:00<\/strong>, con tutto il tempo necessario per godersi il resto della giornata.<\/p>\n<hr \/>\n<h3><strong>Perch\u00e9 questo \u00e8 il tour di avvistamento delle balene al miglior prezzo a Saman\u00e1<\/strong><\/h3>\n<p>\u2705 <strong>Due avventure in una<\/strong> - Osservazione delle balene + visita di Cayo Levantado a un prezzo unico!<br \/>\n\u2705 <strong>Prezzo pi\u00f9 basso garantito<\/strong> - Non troverete un'offerta migliore da nessun'altra parte.<br \/>\n\u2705 <strong>Nessuna tassa nascosta<\/strong> - Il prezzo trasparente comprende il viaggio in barca, le guide e l'ingresso al santuario.<br \/>\n\u2705 <strong>Servizio di alta qualit\u00e0<\/strong> - Barche moderne, guide esperte e l'esperienza pi\u00f9 confortevole.<\/p>\n<hr \/>\n<h3><strong>Offerta stagionale: Prenota prima e risparmia!<\/strong><\/h3>\n<p>\ud83d\udcc6 <strong>Prima stagione<\/strong>: Gennaio-marzo \u00e8 il periodo migliore per vedere le megattere.<br \/>\n\ud83d\udcb8 <strong>Offerta esclusiva<\/strong>: Prenotate oggi stesso il vostro posto e assicuratevi il <strong>il miglior prezzo per l'osservazione delle balene a Saman\u00e1<\/strong>!<\/p>\n<hr \/>\n<h3><strong>Come prenotare<\/strong><\/h3>\n<p>\ud83d\udcde <a href=\"http:\/\/CALLTO:+18097206035\"><strong>Chiamateci ora<\/strong><\/a> per garantire il vostro posto.<br \/>\n\ud83d\udce7 <a href=\"MAILTO:RESERVABATOUR@GMAIL.COM\"><strong>Inviaci un'e-mail<\/strong> <\/a>per prenotazioni di gruppo o richieste speciali.<br \/>\n\ud83c\udf10 <a href=\"https:\/\/bookingadventures.tours\/booking.php?slug=Whale_watching_and_Cayo_levantado_low_price\" target=\"_blank\" rel=\"noopener\"><strong>Prenota online<\/strong> <\/a>per prenotare in modo semplice e veloce.<\/p>\n<p>\ud83d\udea8 <strong>Affrettatevi! Posti limitati disponibili<\/strong>-Non perdete questa incredibile opportunit\u00e0 di sperimentare <strong>Il tour pi\u00f9 apprezzato di Saman\u00e1 al miglior prezzo!<\/strong><\/p>\n\n\t\t<\/div>\n\t<\/div>\n<div class=\"vc_empty_space\"   style=\"height: 32px\"><span class=\"vc_empty_space_inner\"><\/span><\/div>\n\t<div class=\"wpb_text_column wpb_content_element\" >\n\t\t<div class=\"wpb_wrapper\">\n\t\t\t<h2>Altre opzioni per l'osservazione delle balene:<\/h2>\n\n\t\t<\/div>\n\t<\/div>\n<div class=\"vc_empty_space\"   style=\"height: 32px\"><span class=\"vc_empty_space_inner\"><\/span><\/div><div class=\"woocommerce columns-4\"><ul class=\"products columns-4\">\n<li class=\"product type-product post-18154 status-publish first instock product_cat-dominican-republic product_tag-excursion product_tag-tour has-post-thumbnail shipping-taxable product-type-external\">\r\n\t<a href=\"https:\/\/sabanadelamartours.com\/it\/tour\/las-terrenas-osservazione-privata-delle-balene-mezza-giornata-2\/\" class=\"woocommerce-LoopProduct-link woocommerce-loop-product__link\"><img fetchpriority=\"high\" decoding=\"async\" width=\"300\" height=\"300\" src=\"https:\/\/sabanadelamartours.com\/wp-content\/uploads\/2025\/12\/99-53-300x300.png\" class=\"attachment-woocommerce_thumbnail size-woocommerce_thumbnail\" alt=\"Las Terrenas: Osservazione privata delle balene mezza giornata\" srcset=\"https:\/\/sabanadelamartours.com\/wp-content\/uploads\/2025\/12\/99-53-300x300.png 300w, https:\/\/sabanadelamartours.com\/wp-content\/uploads\/2025\/12\/99-53-1536x1536.png 1536w, https:\/\/sabanadelamartours.com\/wp-content\/uploads\/2025\/12\/99-53-2048x2048.png 2048w, https:\/\/sabanadelamartours.com\/wp-content\/uploads\/2025\/12\/99-53-100x100.png 100w, https:\/\/sabanadelamartours.com\/wp-content\/uploads\/2025\/12\/99-53-266x266.png 266w\" sizes=\"(max-width: 300px) 100vw, 300px\" \/><h2 class=\"woocommerce-loop-product__title\">Las Terrenas: Osservazione privata delle balene mezza giornata<\/h2>\n\t<span class=\"price\"><span class=\"woocs_price_code\" data-currency=\"\" data-redraw-id=\"69ea7f6700032\"  data-product-id=\"18154\"><span class=\"woocommerce-Price-amount amount\"><bdi>450.00<span class=\"woocommerce-Price-currencySymbol\">&#36;<\/span><\/bdi><\/span><\/span><\/span>\n<\/a><a href=\"https:\/\/tourreservationlink.com\/en\/booking\/las-terrenas-private-whale-watching-half-day\" aria-describedby=\"woocommerce_loop_add_to_cart_link_describedby_18154\" data-quantity=\"1\" class=\"button product_type_external\" data-product_id=\"18154\" data-product_sku=\"\" aria-label=\"ACQUISTA BIGLIETTO\" rel=\"nofollow noopener\" target=\"_blank\">ACQUISTA BIGLIETTO<\/a>\t<span id=\"woocommerce_loop_add_to_cart_link_describedby_18154\" class=\"screen-reader-text\">\n\t\t\t<\/span>\n<\/li>\r\n<\/ul>\n<\/div><\/div>\n\t<\/div> \n<\/div><!--End .row--><\/div><!--End .container--><\/div>\n<\/div>","protected":false},"excerpt":{"rendered":"<p><strong>Il miglior prezzo per l'osservazione delle balene e il tour di Cayo Levantado - Saman\u00e1<\/strong><\/p>\n<p>Sperimentate il massimo <strong>tour di osservazione delle balene a Saman\u00e1<\/strong> al <strong>miglior prezzo garantito<\/strong>! Ammirate le maestose balene megattere nel famoso <strong>Santuario per l'osservazione delle balene di Saman\u00e1 Bay<\/strong>, e poi rilassarsi sulle spiagge incontaminate di <strong>Cayo Levantado (Isola Bacardi)<\/strong>. Questo conveniente tour di mezza giornata offre un valore ineguagliabile, guide esperte e due avventure indimenticabili in una. <strong>Prenota ora<\/strong> per un'offerta imbattibile sull'escursione pi\u00f9 apprezzata di Saman\u00e1!<\/p>","protected":false},"featured_media":18204,"template":"","meta":[],"product_brand":[],"product_cat":[97,229],"product_tag":[],"class_list":{"0":"post-18032","1":"product","2":"type-product","3":"status-publish","4":"has-post-thumbnail","6":"product_cat-dominican-republic","7":"product_cat-whale-watching","9":"first","10":"instock","11":"sale","12":"shipping-taxable","13":"product-type-external"},"_links":{"self":[{"href":"https:\/\/sabanadelamartours.com\/it\/wp-json\/wp\/v2\/product\/18032","targetHints":{"allow":["GET"]}}],"collection":[{"href":"https:\/\/sabanadelamartours.com\/it\/wp-json\/wp\/v2\/product"}],"about":[{"href":"https:\/\/sabanadelamartours.com\/it\/wp-json\/wp\/v2\/types\/product"}],"version-history":[{"count":0,"href":"https:\/\/sabanadelamartours.com\/it\/wp-json\/wp\/v2\/product\/18032\/revisions"}],"wp:featuredmedia":[{"embeddable":true,"href":"https:\/\/sabanadelamartours.com\/it\/wp-json\/wp\/v2\/media\/18204"}],"wp:attachment":[{"href":"https:\/\/sabanadelamartours.com\/it\/wp-json\/wp\/v2\/media?parent=18032"}],"wp:term":[{"taxonomy":"product_brand","embeddable":true,"href":"https:\/\/sabanadelamartours.com\/it\/wp-json\/wp\/v2\/product_brand?post=18032"},{"taxonomy":"product_cat","embeddable":true,"href":"https:\/\/sabanadelamartours.com\/it\/wp-json\/wp\/v2\/product_cat?post=18032"},{"taxonomy":"product_tag","embeddable":true,"href":"https:\/\/sabanadelamartours.com\/it\/wp-json\/wp\/v2\/product_tag?post=18032"}],"curies":[{"name":"wp","href":"https:\/\/api.w.org\/{rel}","templated":true}]}}